{"id":190,"date":"2021-02-20T18:43:08","date_gmt":"2021-02-20T18:43:08","guid":{"rendered":"https:\/\/centerhermeneutics.org\/?page_id=190"},"modified":"2022-09-03T10:28:36","modified_gmt":"2022-09-03T10:28:36","slug":"media","status":"publish","type":"page","link":"https:\/\/centerhermeneutics.org\/?page_id=190","title":{"rendered":"Media"},"content":{"rendered":"<p style=\"text-align: center;\">\u0218tefan Afloroaei: \u201e<em>Cine nu poate dialoga cu sine nu poate dialoga nici cu semenii s\u0103i<\/em>\u201d (interviu realizat de George Bondor, <a href=\"https:\/\/revistatimpul.ro\/stefan-afloroaei-cine-nu-poate-dialoga-cu-sine-nu-poate-dialoga-nici-cu-semenii-sai\/\" target=\"_blank\" rel=\"noopener\">revista <em>Timpul<\/em><\/a>, august 2022 )<\/p>\n<p><img loading=\"lazy\" decoding=\"async\" class=\"aligncenter size-medium wp-image-293\" src=\"https:\/\/centerhermeneutics.org\/wp-content\/uploads\/2022\/09\/SA-1-283x300.jpg\" alt=\"\" width=\"283\" height=\"300\" srcset=\"https:\/\/centerhermeneutics.org\/wp-content\/uploads\/2022\/09\/SA-1-283x300.jpg 283w, https:\/\/centerhermeneutics.org\/wp-content\/uploads\/2022\/09\/SA-1.jpg 521w\" sizes=\"(max-width: 283px) 100vw, 283px\" \/><\/p>\n<p style=\"text-align: justify;\">Membru corespondent al Academiei Rom\u00e2ne, \u0218tefan Afloroaei a publicat numeroase c\u0103r\u021bi la edituri prestigioase (Humanitas, Polirom, Editura \u0218tiin\u021bific\u0103, Institutul European), a coordonat importante volume colective \u0219i a publicat constant \u00een reviste de specialitate \u0219i de cultur\u0103. Cea mai recent\u0103 carte a sa este <em>Despre sim\u021bul vie\u021bii. \u00centreb\u0103ri, perplexit\u0103\u021bi, credin\u021be<\/em> (Polirom, 2021). La \u00eemplinirea a 70 de ani, colegii s\u0103i au \u00eengrijit un <em>Liber amicorum<\/em>, la care au participat nume importante ale culturii \u0219i filosofiei rom\u00e2ne\u0219ti actuale.<\/p>\n<p style=\"text-align: justify;\">A\u0219a cum \u00eei st\u0103 bine unui prim <em>Festschrift<\/em>, cel de acum se axeaz\u0103 pe analiza \u0219i receptarea critic\u0103 a operei filosofice, evoc\u0103rile ce \u021bin de facticitatea vie\u021bii fiind am\u00e2nate pentru decadele viitoare. Din volumul omagial, aflat \u00een curs de apari\u021bie \u0219i editat de Petru Bejan, Corneliu B\u00eelb\u0103 \u0219i George Bondor, pute\u021bi citi \u00een avanpremier\u0103 versiunile prescurtate a patru dintre textele care \u00eel compun, precum \u0219i versiunea abreviat\u0103 a acestui interviu recent.<\/p>\n<p>Texte de <a href=\"https:\/\/revistatimpul.ro\/un-alt-fel-de-a-face-filosofie-%ef%bf%bc\/\" target=\"_blank\" rel=\"noopener\">Petru Bejan<\/a>, <a href=\"https:\/\/revistatimpul.ro\/o-hermeneutica-a-vietii-bine-simtite\/\" target=\"_blank\" rel=\"noopener\">Aurel Codoban<\/a>,\u00a0 <a href=\"https:\/\/revistatimpul.ro\/despre-intrebarea-privind-sensul-sau-simtul-vietii\/\" target=\"_blank\" rel=\"noopener\">Ciprian Jeler<\/a>,\u00a0 <a href=\"https:\/\/revistatimpul.ro\/simtul-vietii-si-dimensiunea-profunzimii\/\" target=\"_blank\" rel=\"noopener\">\u0218tefan Vianu<\/a><\/p>\n<p style=\"text-align: center;\">***<\/p>\n<p><a href=\"https:\/\/www.facebook.com\/center.hermeneutics.phenomenology.uaic.ro\">Facebook Page\u00a0<\/a><\/p>\n<p style=\"text-align: center;\"><a href=\"https:\/\/www.facebook.com\/center.hermeneutics.phenomenology.uaic.ro\" target=\"_blank\" rel=\"noopener\"><em>Despre puterea de \u00een\u021belegere \u0219i unele neajunsuri ast\u0103zi<\/em><\/a> &#8211; Conferin\u021b\u0103 sus\u021binut\u0103 de prof.univ.dr. \u0218tefan Afloroaei (membru corespondent al Academiei Rom\u00e2ne)<\/p>\n<p><iframe loading=\"lazy\" title=\"Despre puterea de \u00een\u021belegere \u0219i unele neajunsuri ast\u0103zi - Conferin\u021b\u0103 sus\u021binut\u0103 de \u0218tefan Afloroaei\" width=\"640\" height=\"360\" src=\"https:\/\/www.youtube.com\/embed\/PFhOQDwa8XE?feature=oembed\" frameborder=\"0\" allow=\"accelerometer; autoplay; clipboard-write; encrypted-media; gyroscope; picture-in-picture\" allowfullscreen><\/iframe><\/p>\n","protected":false},"excerpt":{"rendered":"<p>\u0218tefan Afloroaei: \u201eCine nu poate dialoga cu sine nu poate dialoga nici cu semenii s\u0103i\u201d (interviu realizat de George Bondor, revista Timpul, august 2022 ) Membru corespondent al Academiei Rom\u00e2ne, \u0218tefan Afloroaei a publicat numeroase c\u0103r\u021bi la edituri prestigioase (Humanitas, &hellip; <a href=\"https:\/\/centerhermeneutics.org\/?page_id=190\">Continue reading <span class=\"meta-nav\">&rarr;<\/span><\/a><\/p>\n","protected":false},"author":1,"featured_media":0,"parent":0,"menu_order":0,"comment_status":"closed","ping_status":"closed","template":"","meta":{"footnotes":""},"_links":{"self":[{"href":"https:\/\/centerhermeneutics.org\/index.php?rest_route=\/wp\/v2\/pages\/190"}],"collection":[{"href":"https:\/\/centerhermeneutics.org\/index.php?rest_route=\/wp\/v2\/pages"}],"about":[{"href":"https:\/\/centerhermeneutics.org\/index.php?rest_route=\/wp\/v2\/types\/page"}],"author":[{"embeddable":true,"href":"https:\/\/centerhermeneutics.org\/index.php?rest_route=\/wp\/v2\/users\/1"}],"replies":[{"embeddable":true,"href":"https:\/\/centerhermeneutics.org\/index.php?rest_route=%2Fwp%2Fv2%2Fcomments&post=190"}],"version-history":[{"count":7,"href":"https:\/\/centerhermeneutics.org\/index.php?rest_route=\/wp\/v2\/pages\/190\/revisions"}],"predecessor-version":[{"id":292,"href":"https:\/\/centerhermeneutics.org\/index.php?rest_route=\/wp\/v2\/pages\/190\/revisions\/292"}],"wp:attachment":[{"href":"https:\/\/centerhermeneutics.org\/index.php?rest_route=%2Fwp%2Fv2%2Fmedia&parent=190"}],"curies":[{"name":"wp","href":"https:\/\/api.w.org\/{rel}","templated":true}]}}